{"id":736,"date":"2015-01-21T13:08:01","date_gmt":"2015-01-21T12:08:01","guid":{"rendered":"http:\/\/www.sebgab.com\/?page_id=736"},"modified":"2015-01-21T13:18:49","modified_gmt":"2015-01-21T12:18:49","slug":"livres-par-titre","status":"publish","type":"page","link":"http:\/\/www.sebgab.com\/?page_id=736","title":{"rendered":"Livres par titre"},"content":{"rendered":"<p>Ceci n&rsquo;est pas une page de critique litt\u00e9raire, bien que \u00e7a puisse y ressembler. C&rsquo;est seulement que, avec l&rsquo;\u00e2ge et la fatigue, je m&rsquo;aper\u00e7ois que je lis plein de bouquins et que je m&rsquo;en souviens tr\u00e8s peu quelques mois apr\u00e8s. Cette page est donc juste pour me souvenir.<\/p>\n<p>Si vous tombez sur cette page, un petit AVERTISSEMENT : il se peut que je raconte la fin du bouquin et les \u00e9ventuels coups de th\u00e9\u00e2tre&#8230; Ne pas lire si vous voulez vous garder la suprise.<\/p>\n<p><a title=\"Livres\" href=\"http:\/\/www.sebgab.com\/?page_id=641\">Cliquez ici pour voir le classement par auteurs<\/a><\/p>\n<table border=\"0\">\n<tbody>\n<tr>\n<td width=\"50%\"><strong>Par titres<\/strong><\/td>\n<\/tr>\n<tr valign=\"top\">\n<td valign=\"top\"><!-- Index page generated using the WordPress AZIndex plugin version 0.8.1by English Mike (http:\/\/azindex.englishmike.net) --><div id=\"azindex-3\"><style type=\"text\/css\">\n.azindex {width:99.9%;float:left;}.azindex .head {}\r\n.azindex .subhead {}\r\n.azindex .desc {float:left; font-size:80%; padding-left:10px;}\r\n.azindex {padding:20px 0 20px 0}\r\n.azindex h2 { padding-top:0;margin-top:0}\r\n.azindex h2 .azcont {font-size:50%;font-style:italic;}\r\n.azindex ul {list-style:none; padding:0 5px 0 5px; margin:0;}\r\n.azindex ul li {clear:both; padding-top:5px;}\r\n.azindex ul li.azalt {float:left; width:100%; background-color:lightgray;}\r\n.azindex .spacer {height:20px;}\r\n.azlinks {text-align:left;}\r\n.azlinkspacer {height:0px;}\r\n.azpagelinks {text-align:left;}\r\n<\/style><div class=\"azindex\"><ul><li><a href=\"http:\/\/www.sebgab.com\/?p=707\"><span class=\"head\">33, rue des Grottes<\/span> - <span class=\"subhead\">Tillmanns, Lolv\u00e9<\/span><\/a><\/li>\n<li><a href=\"http:\/\/www.sebgab.com\/?p=832\"><span class=\"head\">99 francs<\/span> - <span class=\"subhead\">Beigbeder, Fr\u00e9d\u00e9ric<\/span><\/a><\/li>\n<li><a href=\"http:\/\/www.sebgab.com\/?p=881\"><span class=\"head\">Baiser au l\u00e9preux, le<\/span> - <span class=\"subhead\">Mauriac, Fran\u00e7ois<\/span><\/a><\/li>\n<li><a href=\"http:\/\/www.sebgab.com\/?p=940\"><span class=\"head\">Ballast<\/span> - <span class=\"subhead\">Bonvin, Jean-Jacques<\/span><\/a><\/li>\n<li><a href=\"http:\/\/www.sebgab.com\/?p=742\"><span class=\"head\">Best-Seller<\/span> - <span class=\"subhead\">Fl\u00fckiger, Isabelle<\/span><\/a><\/li>\n<li><a href=\"http:\/\/www.sebgab.com\/?p=991\"><span class=\"head\">Bienveillantes, les<\/span> - <span class=\"subhead\">Littell, Jonathan<\/span><\/a><\/li>\n<li><a href=\"http:\/\/www.sebgab.com\/?p=761\"><span class=\"head\">Bilbo le hobbit<\/span> - <span class=\"subhead\">Tolkien, John Ronald Reuel<\/span><\/a><\/li>\n<li><a href=\"http:\/\/www.sebgab.com\/?p=923\"><span class=\"head\">Bizarre Incident du chien pendant la nuit, le<\/span> - <span class=\"subhead\">Haddon, Mark<\/span><\/a><\/li>\n<li><a href=\"http:\/\/www.sebgab.com\/?p=963\"><span class=\"head\">Cabinet portrait<\/span> - <span class=\"subhead\">Benoziglio, Jean-Luc<\/span><\/a><\/li>\n<li><a href=\"http:\/\/www.sebgab.com\/?p=685\"><span class=\"head\">Cavaliers, les<\/span> - <span class=\"subhead\">Kessel, Joseph<\/span><\/a><\/li>\n<li><a href=\"http:\/\/www.sebgab.com\/?p=804\"><span class=\"head\">Ceux de Corneauduc<\/span> - <span class=\"subhead\">Couture, S\u00e9bastien G., et Perruchoud, Micha\u00ebl<\/span><\/a><\/li>\n<li><a href=\"http:\/\/www.sebgab.com\/?p=713\"><span class=\"head\">Chambre blanche, la<\/span> - <span class=\"subhead\">Milliand, Marc<\/span><\/a><\/li>\n<li><a href=\"http:\/\/www.sebgab.com\/?p=734\"><span class=\"head\">Choses qui sauvent, les<\/span> - <span class=\"subhead\">Favre, Guillaume<\/span><\/a><\/li>\n<li><a href=\"http:\/\/www.sebgab.com\/?p=794\"><span class=\"head\">Cimeti\u00e8re de Prague, le<\/span> - <span class=\"subhead\">Eco, Umberto<\/span><\/a><\/li>\n<li><a href=\"http:\/\/www.sebgab.com\/?p=906\"><span class=\"head\">Code z\u00e9ro<\/span> - <span class=\"subhead\">Follet, Ken<\/span><\/a><\/li>\n<li><a href=\"http:\/\/www.sebgab.com\/?p=638\"><span class=\"head\">Codex Lethalis<\/span> - <span class=\"subhead\">Tinguely, Pierre-Yves<\/span><\/a><\/li>\n<li><a href=\"http:\/\/www.sebgab.com\/?p=724\"><span class=\"head\">Comment j'ai veng\u00e9 ma ville<\/span> - <span class=\"subhead\">Lamon, Philippe<\/span><\/a><\/li>\n<li><a href=\"http:\/\/www.sebgab.com\/?p=981\"><span class=\"head\">Confesiones de un vampiro (ES)<\/span> - <span class=\"subhead\">Rice, Anne<\/span><\/a><\/li>\n<li><a href=\"http:\/\/www.sebgab.com\/?p=673\"><span class=\"head\">Confiteor<\/span> - <span class=\"subhead\">Cabr\u00e9, Jaume<\/span><\/a><\/li>\n<li><a href=\"http:\/\/www.sebgab.com\/?p=974\"><span class=\"head\">Contre Zimoune<\/span> - <span class=\"subhead\">Bovon, St\u00e9phane<\/span><\/a><\/li>\n<li><a href=\"http:\/\/www.sebgab.com\/?p=918\"><span class=\"head\">Cuisini\u00e8re d'Himmler, la<\/span> - <span class=\"subhead\">Giesbert, Franz-Olivier<\/span><\/a><\/li>\n<li><a href=\"http:\/\/www.sebgab.com\/?p=744\"><span class=\"head\">Du ciel au ventre<\/span> - <span class=\"subhead\">Fl\u00fckiger, Isabelle<\/span><\/a><\/li>\n<li><a href=\"http:\/\/www.sebgab.com\/?p=935\"><span class=\"head\">D\u00e9tectives sauvages, les<\/span> - <span class=\"subhead\">Bola\u00f1o, Roberto<\/span><\/a><\/li>\n<li><a href=\"http:\/\/www.sebgab.com\/?p=661\"><span class=\"head\">En eau sal\u00e9e<\/span> - <span class=\"subhead\">Feissli, Fabien<\/span><\/a><\/li>\n<li><a href=\"http:\/\/www.sebgab.com\/?p=845\"><span class=\"head\">En un monde parfait<\/span> - <span class=\"subhead\">Kasischke, Laura<\/span><\/a><\/li>\n<li><a href=\"http:\/\/www.sebgab.com\/?p=683\"><span class=\"head\">Equipage, l'<\/span> - <span class=\"subhead\">Kessel, Joseph<\/span><\/a><\/li>\n<li><a href=\"http:\/\/www.sebgab.com\/?p=866\"><span class=\"head\">Festival de la couille et autres histoires vraies, le<\/span> - <span class=\"subhead\">Palahniuk, Chuck<\/span><\/a><\/li>\n<li><a href=\"http:\/\/www.sebgab.com\/?p=892\"><span class=\"head\">Fils, les<\/span> - <span class=\"subhead\">Tillmanns, Lolv\u00e9<\/span><\/a><\/li>\n<li><a href=\"http:\/\/www.sebgab.com\/?p=799\"><span class=\"head\">Fin de l'\u00e9ternit\u00e9, la<\/span> - <span class=\"subhead\">Asimov, Isaac<\/span><\/a><\/li>\n<li><a href=\"http:\/\/www.sebgab.com\/?p=726\"><span class=\"head\">Gar\u00e7on qui ne voulait pas sortir du bain, le<\/span> - <span class=\"subhead\">Perruchoud, Micha\u00ebl<\/span><\/a><\/li>\n<li><a href=\"http:\/\/www.sebgab.com\/?p=740\"><span class=\"head\">Graine de Sabbat<\/span> - <span class=\"subhead\">Trousselle, Laurent<\/span><\/a><\/li>\n<li><a href=\"http:\/\/www.sebgab.com\/?p=785\"><span class=\"head\">Hirondelles de Kaboul, les<\/span> - <span class=\"subhead\">Khadra, Yasmina<\/span><\/a><\/li>\n<li><a href=\"http:\/\/www.sebgab.com\/?p=1011\"><span class=\"head\">Homme aux l\u00e8vres de saphir, l'<\/span> - <span class=\"subhead\">Le Corre, Herv\u00e9<\/span><\/a><\/li>\n<li><a href=\"http:\/\/www.sebgab.com\/?p=873\"><span class=\"head\">Incolore Tsukuru Tazaki et ses ann\u00e9es de p\u00e8lerinage, l'<\/span> - <span class=\"subhead\">Murakami, Haruki<\/span><\/a><\/li>\n<li><a href=\"http:\/\/www.sebgab.com\/?p=704\"><span class=\"head\">Je ne laisserai jamais dire que ce n'est pas la plus belle chanson du monde...<\/span> - <span class=\"subhead\">Collectif<\/span><\/a><\/li>\n<li><a href=\"http:\/\/www.sebgab.com\/?p=971\"><span class=\"head\">Journal d'Aran et d'autres lieux<\/span> - <span class=\"subhead\">Bouvier, Nicolas<\/span><\/a><\/li>\n<li><a href=\"http:\/\/www.sebgab.com\/?p=690\"><span class=\"head\">Jours de col\u00e8re<\/span> - <span class=\"subhead\">Germain, Sylvie<\/span><\/a><\/li>\n<li><a href=\"http:\/\/www.sebgab.com\/?p=1000\"><span class=\"head\">La b\u00eate qui meurt<\/span> - <span class=\"subhead\">Roth, Philip<\/span><\/a><\/li>\n<li><a href=\"http:\/\/www.sebgab.com\/?p=942\"><span class=\"head\">Larsen<\/span> - <span class=\"subhead\">Bonvin, Jean-Jacques<\/span><\/a><\/li>\n<li><a href=\"http:\/\/www.sebgab.com\/?p=728\"><span class=\"head\">Liste de listes<\/span> - <span class=\"subhead\">Boivin, Marc<\/span><\/a><\/li>\n<li><a href=\"http:\/\/www.sebgab.com\/?p=688\"><span class=\"head\">Livre des nuits, le<\/span> - <span class=\"subhead\">Germain, Sylvie<\/span><\/a><\/li>\n<li><a href=\"http:\/\/www.sebgab.com\/?p=841\"><span class=\"head\">Maigret en meubl\u00e9<\/span> - <span class=\"subhead\">Simenon<\/span><\/a><\/li>\n<li><a href=\"http:\/\/www.sebgab.com\/?p=997\"><span class=\"head\">Maison o\u00f9 je suis mort autrefois, la<\/span> - <span class=\"subhead\">Higashino, Keigo<\/span><\/a><\/li>\n<li><a href=\"http:\/\/www.sebgab.com\/?p=836\"><span class=\"head\">Maldonne des sleepings, la<\/span> - <span class=\"subhead\">Benacquista, Tonino<\/span><\/a><\/li>\n<li><a href=\"http:\/\/www.sebgab.com\/?p=852\"><span class=\"head\">Ma\u00eft\u00e9 coiffure<\/span> - <span class=\"subhead\">Murail, Marie-Aude<\/span><\/a><\/li>\n<li><a href=\"http:\/\/www.sebgab.com\/?p=664\"><span class=\"head\">Mendiant 3458<\/span> - <span class=\"subhead\">Levental, Mark<\/span><\/a><\/li>\n<li><a href=\"http:\/\/www.sebgab.com\/?p=864\"><span class=\"head\">Miso Soup<\/span> - <span class=\"subhead\">Murakami, Ry\u00fb<\/span><\/a><\/li>\n<li><a href=\"http:\/\/www.sebgab.com\/?p=1008\"><span class=\"head\">Monsieur T\u00e9l\u00e9matique<\/span> - <span class=\"subhead\">Van Gulik, Will<\/span><\/a><\/li>\n<li><a href=\"http:\/\/www.sebgab.com\/?p=822\"><span class=\"head\">Moon Palace<\/span> - <span class=\"subhead\">Auster, Paul<\/span><\/a><\/li>\n<li><a href=\"http:\/\/www.sebgab.com\/?p=830\"><span class=\"head\">Neiges bleues, les<\/span> - <span class=\"subhead\">Bednarski, Piotr<\/span><\/a><\/li>\n<li><a href=\"http:\/\/www.sebgab.com\/?p=895\"><span class=\"head\">Ombre du gardien, l'<\/span> - <span class=\"subhead\">Blanchet, France-Anne<\/span><\/a><\/li>\n<li><a href=\"http:\/\/www.sebgab.com\/?p=692\"><span class=\"head\">Op\u00e9ra muet<\/span> - <span class=\"subhead\">Germain, Sylvie<\/span><\/a><\/li>\n<li><a href=\"http:\/\/www.sebgab.com\/?p=1003\"><span class=\"head\">Peau du tambour, la<\/span> - <span class=\"subhead\">P\u00e9rez-Reverte, Arturo<\/span><\/a><\/li>\n<li><a href=\"http:\/\/www.sebgab.com\/?p=1018\"><span class=\"head\">Peau, la<\/span> - <span class=\"subhead\">Malaparte<\/span><\/a><\/li>\n<li><a href=\"http:\/\/www.sebgab.com\/?p=649\"><span class=\"head\">Porte, la<\/span> - <span class=\"subhead\">Bocquet, Fred<\/span><\/a><\/li>\n<li><a href=\"http:\/\/www.sebgab.com\/?p=834\"><span class=\"head\">Quelqu'un d'autre<\/span> - <span class=\"subhead\">Benacquista, Tonino<\/span><\/a><\/li>\n<li><a href=\"http:\/\/www.sebgab.com\/?p=933\"><span class=\"head\">Recherch\u00e9<\/span> - <span class=\"subhead\">Blanchet, France-Anne<\/span><\/a><\/li>\n<li><a href=\"http:\/\/www.sebgab.com\/?p=732\"><span class=\"head\">Ricarde, la<\/span> - <span class=\"subhead\">Bocquet, Fred<\/span><\/a><\/li>\n<li><a href=\"http:\/\/www.sebgab.com\/?p=699\"><span class=\"head\">Riff sanglant \u00e0 Fri-Son<\/span> - <span class=\"subhead\">Cl\u00e9ment, C\u00e9dric<\/span><\/a><\/li>\n<li><a href=\"http:\/\/www.sebgab.com\/?p=901\"><span class=\"head\">Rivi\u00e8res pourpres, les<\/span> - <span class=\"subhead\">Grang\u00e9, Jean-Christophe<\/span><\/a><\/li>\n<li><a href=\"http:\/\/www.sebgab.com\/?p=802\"><span class=\"head\">Rosa<\/span> - <span class=\"subhead\">Tillmanns, Lolv\u00e9<\/span><\/a><\/li>\n<li><a href=\"http:\/\/www.sebgab.com\/?p=889\"><span class=\"head\">R\u00e9glez-lui son compte<\/span> - <span class=\"subhead\">San-Antonio<\/span><\/a><\/li>\n<li><a href=\"http:\/\/www.sebgab.com\/?p=746\"><span class=\"head\">Se d\u00e9battre encore<\/span> - <span class=\"subhead\">Fl\u00fckiger, Isabelle<\/span><\/a><\/li>\n<li><a href=\"http:\/\/www.sebgab.com\/?p=764\"><span class=\"head\">Seigneur des anneaux, le<\/span> - <span class=\"subhead\">Tolkien, John Ronald Reuel<\/span><\/a><\/li>\n<li><a href=\"http:\/\/www.sebgab.com\/?p=876\"><span class=\"head\">Seigneur des porcheries, le<\/span> - <span class=\"subhead\">Egolf, Tristan<\/span><\/a><\/li>\n<li><a href=\"http:\/\/www.sebgab.com\/?p=658\"><span class=\"head\">Shalimar le clown<\/span> - <span class=\"subhead\">Rusdie, Salman<\/span><\/a><\/li>\n<li><a href=\"http:\/\/www.sebgab.com\/?p=828\"><span class=\"head\">Soie<\/span> - <span class=\"subhead\">Baricco, Alessandro<\/span><\/a><\/li>\n<li><a href=\"http:\/\/www.sebgab.com\/?p=768\"><span class=\"head\">Standinge selon B\u00e9rurier, le<\/span> - <span class=\"subhead\">San-Antonio<\/span><\/a><\/li>\n<li><a href=\"http:\/\/www.sebgab.com\/?p=730\"><span class=\"head\">Suite de listes<\/span> - <span class=\"subhead\">Boivin, Marc<\/span><\/a><\/li>\n<li><a href=\"http:\/\/www.sebgab.com\/?p=885\"><span class=\"head\">Swiss Thrash<\/span> - <span class=\"subhead\">Miralles, Dunia<\/span><\/a><\/li>\n<li><a href=\"http:\/\/www.sebgab.com\/?p=824\"><span class=\"head\">Trilogie new-yorkaise, la<\/span> - <span class=\"subhead\">Auster, Paul<\/span><\/a><\/li>\n<li><a href=\"http:\/\/www.sebgab.com\/?p=914\"><span class=\"head\">Un dernier verre au bar sans nom<\/span> - <span class=\"subhead\">Carpenter, Don<\/span><\/a><\/li>\n<li><a href=\"http:\/\/www.sebgab.com\/?p=967\"><span class=\"head\">Un jour, j'ai vu<\/span> - <span class=\"subhead\">Boll\u00e9, Patrick<\/span><\/a><\/li>\n<li><a href=\"http:\/\/www.sebgab.com\/?p=859\"><span class=\"head\">Un peu plus haut, un peu plus loin<\/span> - <span class=\"subhead\">Bernier, Marc-Fran\u00e7ois<\/span><\/a><\/li>\n<li><a href=\"http:\/\/www.sebgab.com\/?p=796\"><span class=\"head\">Vide, le<\/span> - <span class=\"subhead\">Sen\u00e9cal, Patrick<\/span><\/a><\/li>\n<li><a href=\"http:\/\/www.sebgab.com\/?p=826\"><span class=\"head\">Vol de l'oie sauvage, le<\/span> - <span class=\"subhead\">Badescu, Horia<\/span><\/a><\/li>\n<li><a href=\"http:\/\/www.sebgab.com\/?p=811\"><span class=\"head\">Voyage d'Anna Blume, le<\/span> - <span class=\"subhead\">Auster, Paul<\/span><\/a><\/li>\n<li><a href=\"http:\/\/www.sebgab.com\/?p=937\"><span class=\"head\">Wilt 1<\/span> - <span class=\"subhead\">Sharpe, Tom<\/span><\/a><\/li>\n<\/ul><\/div><div style=\"clear:both;\"><\/div><\/div><\/td>\n<\/tr>\n<\/tbody>\n<\/table>\n","protected":false},"excerpt":{"rendered":"<p>Ceci n&rsquo;est pas une page de critique litt\u00e9raire, bien que \u00e7a puisse y ressembler. C&rsquo;est seulement que, avec l&rsquo;\u00e2ge et la fatigue, je m&rsquo;aper\u00e7ois que je lis plein de bouquins et que je m&rsquo;en souviens tr\u00e8s peu quelques mois apr\u00e8s. Cette page est donc juste pour me souvenir. Si vous &#8230;<\/p>\n","protected":false},"author":1,"featured_media":0,"parent":0,"menu_order":0,"comment_status":"open","ping_status":"open","template":"","meta":[],"_links":{"self":[{"href":"http:\/\/www.sebgab.com\/index.php?rest_route=\/wp\/v2\/pages\/736"}],"collection":[{"href":"http:\/\/www.sebgab.com\/index.php?rest_route=\/wp\/v2\/pages"}],"about":[{"href":"http:\/\/www.sebgab.com\/index.php?rest_route=\/wp\/v2\/types\/page"}],"author":[{"embeddable":true,"href":"http:\/\/www.sebgab.com\/index.php?rest_route=\/wp\/v2\/users\/1"}],"replies":[{"embeddable":true,"href":"http:\/\/www.sebgab.com\/index.php?rest_route=%2Fwp%2Fv2%2Fcomments&post=736"}],"version-history":[{"count":3,"href":"http:\/\/www.sebgab.com\/index.php?rest_route=\/wp\/v2\/pages\/736\/revisions"}],"predecessor-version":[{"id":750,"href":"http:\/\/www.sebgab.com\/index.php?rest_route=\/wp\/v2\/pages\/736\/revisions\/750"}],"wp:attachment":[{"href":"http:\/\/www.sebgab.com\/index.php?rest_route=%2Fwp%2Fv2%2Fmedia&parent=736"}],"curies":[{"name":"wp","href":"https:\/\/api.w.org\/{rel}","templated":true}]}}