{"id":357,"date":"2013-05-07T12:54:21","date_gmt":"2013-05-07T12:54:21","guid":{"rendered":"http:\/\/www.sebgab.com\/?page_id=357"},"modified":"2023-03-29T08:44:13","modified_gmt":"2023-03-29T06:44:13","slug":"biographie-et-informations","status":"publish","type":"page","link":"https:\/\/www.sebgab.com\/","title":{"rendered":"Biographie et informations"},"content":{"rendered":"<h1>S\u00e9bastien Gabriel, en bref<\/h1>\n<p>S\u00e9bastien Gabriel est n\u00e9 \u00e0 Qu\u00e9bec, le 15 mars 1970. Il fait ses d\u00e9buts sur sc\u00e8ne dans les bars \u00e0 chansons de Qu\u00e9bec \u00e0 la fin de l\u2019ann\u00e9e 1990. Il interpr\u00e8te tous les grands paroliers de la chanson qu\u00e9b\u00e9coise et fran\u00e7aise.<\/p>\n<p>En 1992, il enregistre un premier album \u00e9ponyme avec ses huit premi\u00e8res chansons. Il se consacre de plus en plus \u00e0 la composition, puisant son inspiration dans la vie de tous les jours et suivant l\u2019influence des grands auteurs qu\u2019il adore chanter.<\/p>\n<p>En 1994, un deuxi\u00e8me album voit le jour : <em>Chansons d\u2019espoir et d\u2019eau fra\u00eeche<\/em>.<\/p>\n<p>Il entame ensuite, une longue s\u00e9rie de concerts en Suisse et en France au cours de laquelle il peaufinera son jeu de sc\u00e8ne et ajoutera de nouvelles compositions \u00e0 son r\u00e9pertoire. C\u2019est lors de cette tourn\u00e9e qu\u2019il rencontrera son \u00e9pouse. Il s\u2019installe alors avec elle \u00e0 Gen\u00e8ve, o\u00f9 il vit toujours.<\/p>\n<p>Il tourne intens\u00e9ment dans les bars et les petites salles de Suisse romande et de France, notamment de Paris.<\/p>\n<p>En d\u00e9cembre 2003, il enregistre un troisi\u00e8me album avec 12 nouvelles chansons : <em>Rue du Diorama<\/em>.<\/p>\n<p>En 2017, il participe avec ses potes \u00e0 l&rsquo;enregistrement d&rsquo;un double album, Les Cordiers Sessions, o\u00f9 se retrouvent quelques unes de ces chansons.<\/p>\n<p>\u00c0 53 ans, S\u00e9bastien Gabriel a plus de 30 ans de m\u00e9tier derri\u00e8re lui. Il chante ses propres textes avec force et d\u00e9sinvolture. Il sait alterner les registres, et les chansons graves succ\u00e8dent \u00e0 des pi\u00e8ces humoristiques o\u00f9 sa verve et son sens de la satire font mouche \u00e0 chaque fois.<\/p>\n<p>Amoureux de la chanson, il se r\u00e9v\u00e8le excellent interpr\u00e8te. Il pr\u00eate volontiers sa voix aux textes des grands paroliers.<\/p>\n<p>\u00c0 la fin 2009, il cr\u00e9e, avec son comparse Micha\u00ebl Perruchoud, un groupe de chanson satirique qui d\u00e9nonce avec humour les in\u00e9galit\u00e9s et le racisme, ainsi que les travers du monde et de la Suisse en particulier : le <a href=\"http:\/\/www.cousumouche.com\/dxs\" target=\"_blank\" rel=\"noopener noreferrer\">Duo d&rsquo;eXtr\u00eames Suisses<\/a>.<\/p>\n<h2>R\u00e9pertoire<\/h2>\n<p>En plus de ses propres chansons, S\u00e9bastien Gabriel poss\u00e8de un immense r\u00e9pertoire (plus de 500 chansons, par c\u0153ur bien entendu !) de chanson qu\u00e9b\u00e9coise et de chanson fran\u00e7aise. Il interpr\u00e8te notamment des chansons de :<\/p>\n<h3>Chanson qu\u00e9b\u00e9coise<\/h3>\n<p>F\u00e9lix Leclerc, Robert Charlesbois, Beau Dommage, Paul Pich\u00e9, Plume Latraverse, Michel Rivard, Richard Desjardins, etc.<\/p>\n<h3>Chanson fran\u00e7aise<\/h3>\n<p>Jacques Brel, Georges Brassens, Georges Moustaki, Renaud, L\u00e9o Ferr\u00e9, Serge Reggiani, Boris Vian, etc.<\/p>\n<h2>Spectacle<\/h2>\n<p>Le spectacle qu\u2019il propose actuellement est constitu\u00e9 uniquement de ses propres compositions. Il peut \u00eatre accompagn\u00e9 par des musiciens, notamment par Sylvie Bossi \u00e0 l\u2019accord\u00e9on. Selon les besoins, il peut adapter son r\u00e9pertoire aux circonstances.<\/p>\n<h2>Conditions<\/h2>\n<p>Les conditions sont tr\u00e8s flexibles et \u00e0 fixer au cas par cas par entente verbale ou \u00e9crite. S\u00e9bastien Gabriel poss\u00e8de son propre syst\u00e8me de sonorisation pour les petites salles. Pour les grandes salles ou les concerts en ext\u00e9rieur de grande envergure, il faudra pr\u00e9voir un syst\u00e8me de sonorisation.<\/p>\n<p>Il faut aussi pr\u00e9voir un syst\u00e8me d\u2019\u00e9clairage selon les besoins.<\/p>\n","protected":false},"excerpt":{"rendered":"<p>S\u00e9bastien Gabriel, en bref S\u00e9bastien Gabriel est n\u00e9 \u00e0 Qu\u00e9bec, le 15 mars 1970. Il fait ses d\u00e9buts sur sc\u00e8ne dans les bars \u00e0 chansons de Qu\u00e9bec \u00e0 la fin de l\u2019ann\u00e9e 1990. Il interpr\u00e8te tous les grands paroliers de la chanson qu\u00e9b\u00e9coise et fran\u00e7aise. En 1992, il enregistre un &#8230;<\/p>\n","protected":false},"author":1,"featured_media":0,"parent":0,"menu_order":0,"comment_status":"open","ping_status":"open","template":"","meta":[],"_links":{"self":[{"href":"https:\/\/www.sebgab.com\/index.php?rest_route=\/wp\/v2\/pages\/357"}],"collection":[{"href":"https:\/\/www.sebgab.com\/index.php?rest_route=\/wp\/v2\/pages"}],"about":[{"href":"https:\/\/www.sebgab.com\/index.php?rest_route=\/wp\/v2\/types\/page"}],"author":[{"embeddable":true,"href":"https:\/\/www.sebgab.com\/index.php?rest_route=\/wp\/v2\/users\/1"}],"replies":[{"embeddable":true,"href":"https:\/\/www.sebgab.com\/index.php?rest_route=%2Fwp%2Fv2%2Fcomments&post=357"}],"version-history":[{"count":7,"href":"https:\/\/www.sebgab.com\/index.php?rest_route=\/wp\/v2\/pages\/357\/revisions"}],"predecessor-version":[{"id":1029,"href":"https:\/\/www.sebgab.com\/index.php?rest_route=\/wp\/v2\/pages\/357\/revisions\/1029"}],"wp:attachment":[{"href":"https:\/\/www.sebgab.com\/index.php?rest_route=%2Fwp%2Fv2%2Fmedia&parent=357"}],"curies":[{"name":"wp","href":"https:\/\/api.w.org\/{rel}","templated":true}]}}