{"id":641,"date":"2015-01-15T14:03:33","date_gmt":"2015-01-15T13:03:33","guid":{"rendered":"http:\/\/www.sebgab.com\/?page_id=641"},"modified":"2019-11-26T21:34:59","modified_gmt":"2019-11-26T20:34:59","slug":"livres","status":"publish","type":"page","link":"https:\/\/www.sebgab.com\/?page_id=641","title":{"rendered":"Livres"},"content":{"rendered":"<p>Ceci n&rsquo;est pas une page de critique litt\u00e9raire, bien que \u00e7a puisse y ressembler. C&rsquo;est seulement que, avec l&rsquo;\u00e2ge et la fatigue, je m&rsquo;aper\u00e7ois que je lis plein de bouquins et que je m&rsquo;en souviens tr\u00e8s peu quelques mois apr\u00e8s. Cette page est donc juste pour me souvenir.<\/p>\n<p>Si vous tombez sur cette page, un petit AVERTISSEMENT : il se peut que je raconte la fin du bouquin et les \u00e9ventuels coups de th\u00e9\u00e2tre&#8230; Ne pas lire si vous voulez vous garder la surprise.<\/p>\n<p><a title=\"Livres par titre\" href=\"http:\/\/www.sebgab.com\/?page_id=736\">Cliquez ici pour voir le classement par titres<\/a><\/p>\n<table border=\"0\">\n<tbody>\n<tr>\n<td width=\"50%\"><strong>Par auteurs<\/strong><\/td>\n<\/tr>\n<tr valign=\"top\">\n<td valign=\"top\"><!-- Index page generated using the WordPress AZIndex plugin version 0.8.1by English Mike (http:\/\/azindex.englishmike.net) --><div id=\"azindex-1\"><style type=\"text\/css\">\n.azindex {width:99.9%;float:left;}.azindex .head {clear:left; float:left; font-weight:bold}\r\n.azindex .subhead {clear:left; float:left; padding-left:10px;}\r\n.azindex .desc {clear:left; float:left; font-size:80%; padding-left:20px;}\r\n.azindex .head .azcont {font-size:90%;font-style:italic;}\r\n.azindex .subhead .azcont {font-size:90%;font-style:italic;}\r\n.azindex {padding:20px 0 20px 0}\r\n.azindex h2 { padding-top:0;margin-top:0}\r\n.azindex h2 .azcont {font-size:50%;font-style:italic;}\r\n.azindex ul {list-style:none; padding:0 5px 0 5px; margin:0;}\r\n.azindex ul li {clear:both; padding-top:5px;}\r\n.azindex ul li.azalt {float:left; width:100%; background-color:lightgray;}\r\n.azindex .spacer {height:20px;}\r\n.azlinks {text-align:left;}\r\n.azlinkspacer {height:0px;}\r\n.azpagelinks {text-align:left;}\r\n<\/style><div class=\"azindex\"><ul><li><span class=\"head\">Asimov, Isaac<\/span>\n<span class=\"subhead\"><a href=\"https:\/\/www.sebgab.com\/?p=799\">Fin de l'\u00e9ternit\u00e9, la<\/a><\/span>\n<\/li>\n<li><span class=\"head\">Auster, Paul<\/span>\n<span class=\"subhead\"><a href=\"https:\/\/www.sebgab.com\/?p=822\">Moon Palace<\/a><\/span>\n<span class=\"subhead\"><a href=\"https:\/\/www.sebgab.com\/?p=824\">Trilogie new-yorkaise, la<\/a><\/span>\n<span class=\"subhead\"><a href=\"https:\/\/www.sebgab.com\/?p=811\">Voyage d'Anna Blume, le<\/a><\/span>\n<\/li>\n<li><span class=\"head\">Badescu, Horia<\/span>\n<span class=\"subhead\"><a href=\"https:\/\/www.sebgab.com\/?p=826\">Vol de l'oie sauvage, le<\/a><\/span>\n<\/li>\n<li><span class=\"head\">Baricco, Alessandro<\/span>\n<span class=\"subhead\"><a href=\"https:\/\/www.sebgab.com\/?p=828\">Soie<\/a><\/span>\n<\/li>\n<li><span class=\"head\">Bednarski, Piotr<\/span>\n<span class=\"subhead\"><a href=\"https:\/\/www.sebgab.com\/?p=830\">Neiges bleues, les<\/a><\/span>\n<\/li>\n<li><span class=\"head\">Beigbeder, Fr\u00e9d\u00e9ric<\/span>\n<span class=\"subhead\"><a href=\"https:\/\/www.sebgab.com\/?p=832\">99 francs<\/a><\/span>\n<\/li>\n<li><span class=\"head\">Benacquista, Tonino<\/span>\n<span class=\"subhead\"><a href=\"https:\/\/www.sebgab.com\/?p=836\">Maldonne des sleepings, la<\/a><\/span>\n<span class=\"subhead\"><a href=\"https:\/\/www.sebgab.com\/?p=834\">Quelqu'un d'autre<\/a><\/span>\n<\/li>\n<li><span class=\"head\">Benoziglio, Jean-Luc<\/span>\n<span class=\"subhead\"><a href=\"https:\/\/www.sebgab.com\/?p=963\">Cabinet portrait<\/a><\/span>\n<\/li>\n<li><span class=\"head\">Bernier, Marc-Fran\u00e7ois<\/span>\n<span class=\"subhead\"><a href=\"https:\/\/www.sebgab.com\/?p=859\">Un peu plus haut, un peu plus loin<\/a><\/span>\n<\/li>\n<li><span class=\"head\">Blanchet, France-Anne<\/span>\n<span class=\"subhead\"><a href=\"https:\/\/www.sebgab.com\/?p=895\">Ombre du gardien, l'<\/a><\/span>\n<span class=\"subhead\"><a href=\"https:\/\/www.sebgab.com\/?p=933\">Recherch\u00e9<\/a><\/span>\n<\/li>\n<li><span class=\"head\">Bocquet, Fred<\/span>\n<span class=\"subhead\"><a href=\"https:\/\/www.sebgab.com\/?p=649\">Porte, la<\/a><\/span>\n<span class=\"subhead\"><a href=\"https:\/\/www.sebgab.com\/?p=732\">Ricarde, la<\/a><\/span>\n<\/li>\n<li><span class=\"head\">Boivin, Marc<\/span>\n<span class=\"subhead\"><a href=\"https:\/\/www.sebgab.com\/?p=728\">Liste de listes<\/a><\/span>\n<span class=\"subhead\"><a href=\"https:\/\/www.sebgab.com\/?p=730\">Suite de listes<\/a><\/span>\n<\/li>\n<li><span class=\"head\">Bola\u00f1o, Roberto<\/span>\n<span class=\"subhead\"><a href=\"https:\/\/www.sebgab.com\/?p=935\">D\u00e9tectives sauvages, les<\/a><\/span>\n<\/li>\n<li><span class=\"head\">Boll\u00e9, Patrick<\/span>\n<span class=\"subhead\"><a href=\"https:\/\/www.sebgab.com\/?p=967\">Un jour, j'ai vu<\/a><\/span>\n<\/li>\n<li><span class=\"head\">Bonvin, Jean-Jacques<\/span>\n<span class=\"subhead\"><a href=\"https:\/\/www.sebgab.com\/?p=940\">Ballast<\/a><\/span>\n<span class=\"subhead\"><a href=\"https:\/\/www.sebgab.com\/?p=942\">Larsen<\/a><\/span>\n<\/li>\n<li><span class=\"head\">Bouvier, Nicolas<\/span>\n<span class=\"subhead\"><a href=\"https:\/\/www.sebgab.com\/?p=971\">Journal d'Aran et d'autres lieux<\/a><\/span>\n<\/li>\n<li><span class=\"head\">Bovon, St\u00e9phane<\/span>\n<span class=\"subhead\"><a href=\"https:\/\/www.sebgab.com\/?p=974\">Contre Zimoune<\/a><\/span>\n<\/li>\n<li><span class=\"head\">Cabr\u00e9, Jaume<\/span>\n<span class=\"subhead\"><a href=\"https:\/\/www.sebgab.com\/?p=673\">Confiteor<\/a><\/span>\n<\/li>\n<li><span class=\"head\">Carpenter, Don<\/span>\n<span class=\"subhead\"><a href=\"https:\/\/www.sebgab.com\/?p=914\">Un dernier verre au bar sans nom<\/a><\/span>\n<\/li>\n<li><span class=\"head\">Cl\u00e9ment, C\u00e9dric<\/span>\n<span class=\"subhead\"><a href=\"https:\/\/www.sebgab.com\/?p=699\">Riff sanglant \u00e0 Fri-Son<\/a><\/span>\n<\/li>\n<li><span class=\"head\">Collectif<\/span>\n<span class=\"subhead\"><a href=\"https:\/\/www.sebgab.com\/?p=704\">Je ne laisserai jamais dire que ce n'est pas la plus belle chanson du monde...<\/a><\/span>\n<\/li>\n<li><span class=\"head\">Couture, S\u00e9bastien G., et Perruchoud, Micha\u00ebl<\/span>\n<span class=\"subhead\"><a href=\"https:\/\/www.sebgab.com\/?p=804\">Ceux de Corneauduc<\/a><\/span>\n<\/li>\n<li><span class=\"head\">Eco, Umberto<\/span>\n<span class=\"subhead\"><a href=\"https:\/\/www.sebgab.com\/?p=794\">Cimeti\u00e8re de Prague, le<\/a><\/span>\n<\/li>\n<li><span class=\"head\">Egolf, Tristan<\/span>\n<span class=\"subhead\"><a href=\"https:\/\/www.sebgab.com\/?p=876\">Seigneur des porcheries, le<\/a><\/span>\n<\/li>\n<li><span class=\"head\">Favre, Guillaume<\/span>\n<span class=\"subhead\"><a href=\"https:\/\/www.sebgab.com\/?p=734\">Choses qui sauvent, les<\/a><\/span>\n<\/li>\n<li><span class=\"head\">Feissli, Fabien<\/span>\n<span class=\"subhead\"><a href=\"https:\/\/www.sebgab.com\/?p=661\">En eau sal\u00e9e<\/a><\/span>\n<\/li>\n<li><span class=\"head\">Fl\u00fckiger, Isabelle<\/span>\n<span class=\"subhead\"><a href=\"https:\/\/www.sebgab.com\/?p=742\">Best-Seller<\/a><\/span>\n<span class=\"subhead\"><a href=\"https:\/\/www.sebgab.com\/?p=744\">Du ciel au ventre<\/a><\/span>\n<span class=\"subhead\"><a href=\"https:\/\/www.sebgab.com\/?p=746\">Se d\u00e9battre encore<\/a><\/span>\n<\/li>\n<li><span class=\"head\">Follet, Ken<\/span>\n<span class=\"subhead\"><a href=\"https:\/\/www.sebgab.com\/?p=906\">Code z\u00e9ro<\/a><\/span>\n<\/li>\n<li><span class=\"head\">Germain, Sylvie<\/span>\n<span class=\"subhead\"><a href=\"https:\/\/www.sebgab.com\/?p=690\">Jours de col\u00e8re<\/a><\/span>\n<span class=\"subhead\"><a href=\"https:\/\/www.sebgab.com\/?p=688\">Livre des nuits, le<\/a><\/span>\n<span class=\"subhead\"><a href=\"https:\/\/www.sebgab.com\/?p=692\">Op\u00e9ra muet<\/a><\/span>\n<\/li>\n<li><span class=\"head\">Giesbert, Franz-Olivier<\/span>\n<span class=\"subhead\"><a href=\"https:\/\/www.sebgab.com\/?p=918\">Cuisini\u00e8re d'Himmler, la<\/a><\/span>\n<\/li>\n<li><span class=\"head\">Grang\u00e9, Jean-Christophe<\/span>\n<span class=\"subhead\"><a href=\"https:\/\/www.sebgab.com\/?p=901\">Rivi\u00e8res pourpres, les<\/a><\/span>\n<\/li>\n<li><span class=\"head\">Haddon, Mark<\/span>\n<span class=\"subhead\"><a href=\"https:\/\/www.sebgab.com\/?p=923\">Bizarre Incident du chien pendant la nuit, le<\/a><\/span>\n<\/li>\n<li><span class=\"head\">Higashino, Keigo<\/span>\n<span class=\"subhead\"><a href=\"https:\/\/www.sebgab.com\/?p=997\">Maison o\u00f9 je suis mort autrefois, la<\/a><\/span>\n<\/li>\n<li><span class=\"head\">Kasischke, Laura<\/span>\n<span class=\"subhead\"><a href=\"https:\/\/www.sebgab.com\/?p=845\">En un monde parfait<\/a><\/span>\n<\/li>\n<li><span class=\"head\">Kessel, Joseph<\/span>\n<span class=\"subhead\"><a href=\"https:\/\/www.sebgab.com\/?p=685\">Cavaliers, les<\/a><\/span>\n<span class=\"subhead\"><a href=\"https:\/\/www.sebgab.com\/?p=683\">Equipage, l'<\/a><\/span>\n<\/li>\n<li><span class=\"head\">Khadra, Yasmina<\/span>\n<span class=\"subhead\"><a href=\"https:\/\/www.sebgab.com\/?p=785\">Hirondelles de Kaboul, les<\/a><\/span>\n<\/li>\n<li><span class=\"head\">Lamon, Philippe<\/span>\n<span class=\"subhead\"><a href=\"https:\/\/www.sebgab.com\/?p=724\">Comment j'ai veng\u00e9 ma ville<\/a><\/span>\n<\/li>\n<li><span class=\"head\">Le Corre, Herv\u00e9<\/span>\n<span class=\"subhead\"><a href=\"https:\/\/www.sebgab.com\/?p=1011\">Homme aux l\u00e8vres de saphir, l'<\/a><\/span>\n<\/li>\n<li><span class=\"head\">Levental, Mark<\/span>\n<span class=\"subhead\"><a href=\"https:\/\/www.sebgab.com\/?p=664\">Mendiant 3458<\/a><\/span>\n<\/li>\n<li><span class=\"head\">Littell, Jonathan<\/span>\n<span class=\"subhead\"><a href=\"https:\/\/www.sebgab.com\/?p=991\">Bienveillantes, les<\/a><\/span>\n<\/li>\n<li><span class=\"head\">Malaparte<\/span>\n<span class=\"subhead\"><a href=\"https:\/\/www.sebgab.com\/?p=1018\">Peau, la<\/a><\/span>\n<\/li>\n<li><span class=\"head\">Mauriac, Fran\u00e7ois<\/span>\n<span class=\"subhead\"><a href=\"https:\/\/www.sebgab.com\/?p=881\">Baiser au l\u00e9preux, le<\/a><\/span>\n<\/li>\n<li><span class=\"head\">Milliand, Marc<\/span>\n<span class=\"subhead\"><a href=\"https:\/\/www.sebgab.com\/?p=713\">Chambre blanche, la<\/a><\/span>\n<\/li>\n<li><span class=\"head\">Miralles, Dunia<\/span>\n<span class=\"subhead\"><a href=\"https:\/\/www.sebgab.com\/?p=885\">Swiss Thrash<\/a><\/span>\n<\/li>\n<li><span class=\"head\">Murail, Marie-Aude<\/span>\n<span class=\"subhead\"><a href=\"https:\/\/www.sebgab.com\/?p=852\">Ma\u00eft\u00e9 coiffure<\/a><\/span>\n<\/li>\n<li><span class=\"head\">Murakami, Haruki<\/span>\n<span class=\"subhead\"><a href=\"https:\/\/www.sebgab.com\/?p=873\">Incolore Tsukuru Tazaki et ses ann\u00e9es de p\u00e8lerinage, l'<\/a><\/span>\n<\/li>\n<li><span class=\"head\">Murakami, Ry\u00fb<\/span>\n<span class=\"subhead\"><a href=\"https:\/\/www.sebgab.com\/?p=864\">Miso Soup<\/a><\/span>\n<\/li>\n<li><span class=\"head\">Palahniuk, Chuck<\/span>\n<span class=\"subhead\"><a href=\"https:\/\/www.sebgab.com\/?p=866\">Festival de la couille et autres histoires vraies, le<\/a><\/span>\n<\/li>\n<li><span class=\"head\">Perruchoud, Micha\u00ebl<\/span>\n<span class=\"subhead\"><a href=\"https:\/\/www.sebgab.com\/?p=726\">Gar\u00e7on qui ne voulait pas sortir du bain, le<\/a><\/span>\n<\/li>\n<li><span class=\"head\">P\u00e9rez-Reverte, Arturo<\/span>\n<span class=\"subhead\"><a href=\"https:\/\/www.sebgab.com\/?p=1003\">Peau du tambour, la<\/a><\/span>\n<\/li>\n<li><span class=\"head\">Rice, Anne<\/span>\n<span class=\"subhead\"><a href=\"https:\/\/www.sebgab.com\/?p=981\">Confesiones de un vampiro (ES)<\/a><\/span>\n<\/li>\n<li><span class=\"head\">Roth, Philip<\/span>\n<span class=\"subhead\"><a href=\"https:\/\/www.sebgab.com\/?p=1000\">La b\u00eate qui meurt<\/a><\/span>\n<\/li>\n<li><span class=\"head\">Rusdie, Salman<\/span>\n<span class=\"subhead\"><a href=\"https:\/\/www.sebgab.com\/?p=658\">Shalimar le clown<\/a><\/span>\n<\/li>\n<li><span class=\"head\">San-Antonio<\/span>\n<span class=\"subhead\"><a href=\"https:\/\/www.sebgab.com\/?p=889\">R\u00e9glez-lui son compte<\/a><\/span>\n<span class=\"subhead\"><a href=\"https:\/\/www.sebgab.com\/?p=768\">Standinge selon B\u00e9rurier, le<\/a><\/span>\n<\/li>\n<li><span class=\"head\">Sen\u00e9cal, Patrick<\/span>\n<span class=\"subhead\"><a href=\"https:\/\/www.sebgab.com\/?p=796\">Vide, le<\/a><\/span>\n<\/li>\n<li><span class=\"head\">Sharpe, Tom<\/span>\n<span class=\"subhead\"><a href=\"https:\/\/www.sebgab.com\/?p=937\">Wilt 1<\/a><\/span>\n<\/li>\n<li><span class=\"head\">Simenon<\/span>\n<span class=\"subhead\"><a href=\"https:\/\/www.sebgab.com\/?p=841\">Maigret en meubl\u00e9<\/a><\/span>\n<\/li>\n<li><span class=\"head\">Tillmanns, Lolv\u00e9<\/span>\n<span class=\"subhead\"><a href=\"https:\/\/www.sebgab.com\/?p=707\">33, rue des Grottes<\/a><\/span>\n<span class=\"subhead\"><a href=\"https:\/\/www.sebgab.com\/?p=892\">Fils, les<\/a><\/span>\n<span class=\"subhead\"><a href=\"https:\/\/www.sebgab.com\/?p=802\">Rosa<\/a><\/span>\n<\/li>\n<li><span class=\"head\">Tinguely, Pierre-Yves<\/span>\n<span class=\"subhead\"><a href=\"https:\/\/www.sebgab.com\/?p=638\">Codex Lethalis<\/a><\/span>\n<\/li>\n<li><span class=\"head\">Tolkien, John Ronald Reuel<\/span>\n<span class=\"subhead\"><a href=\"https:\/\/www.sebgab.com\/?p=761\">Bilbo le hobbit<\/a><\/span>\n<span class=\"subhead\"><a href=\"https:\/\/www.sebgab.com\/?p=764\">Seigneur des anneaux, le<\/a><\/span>\n<\/li>\n<li><span class=\"head\">Trousselle, Laurent<\/span>\n<span class=\"subhead\"><a href=\"https:\/\/www.sebgab.com\/?p=740\">Graine de Sabbat<\/a><\/span>\n<\/li>\n<li><span class=\"head\">Van Gulik, Will<\/span>\n<span class=\"subhead\"><a href=\"https:\/\/www.sebgab.com\/?p=1008\">Monsieur T\u00e9l\u00e9matique<\/a><\/span>\n<\/li>\n<\/ul><\/div><div style=\"clear:both;\"><\/div><\/div><\/td>\n<\/tr>\n<\/tbody>\n<\/table>\n","protected":false},"excerpt":{"rendered":"<p>Ceci n&rsquo;est pas une page de critique litt\u00e9raire, bien que \u00e7a puisse y ressembler. C&rsquo;est seulement que, avec l&rsquo;\u00e2ge et la fatigue, je m&rsquo;aper\u00e7ois que je lis plein de bouquins et que je m&rsquo;en souviens tr\u00e8s peu quelques mois apr\u00e8s. Cette page est donc juste pour me souvenir. Si vous &#8230;<\/p>\n","protected":false},"author":1,"featured_media":0,"parent":0,"menu_order":0,"comment_status":"open","ping_status":"open","template":"","meta":[],"_links":{"self":[{"href":"https:\/\/www.sebgab.com\/index.php?rest_route=\/wp\/v2\/pages\/641"}],"collection":[{"href":"https:\/\/www.sebgab.com\/index.php?rest_route=\/wp\/v2\/pages"}],"about":[{"href":"https:\/\/www.sebgab.com\/index.php?rest_route=\/wp\/v2\/types\/page"}],"author":[{"embeddable":true,"href":"https:\/\/www.sebgab.com\/index.php?rest_route=\/wp\/v2\/users\/1"}],"replies":[{"embeddable":true,"href":"https:\/\/www.sebgab.com\/index.php?rest_route=%2Fwp%2Fv2%2Fcomments&post=641"}],"version-history":[{"count":15,"href":"https:\/\/www.sebgab.com\/index.php?rest_route=\/wp\/v2\/pages\/641\/revisions"}],"predecessor-version":[{"id":960,"href":"https:\/\/www.sebgab.com\/index.php?rest_route=\/wp\/v2\/pages\/641\/revisions\/960"}],"wp:attachment":[{"href":"https:\/\/www.sebgab.com\/index.php?rest_route=%2Fwp%2Fv2%2Fmedia&parent=641"}],"curies":[{"name":"wp","href":"https:\/\/api.w.org\/{rel}","templated":true}]}}